{"id":822,"date":"2015-02-05T10:20:33","date_gmt":"2015-02-05T09:20:33","guid":{"rendered":"http:\/\/wpcharming.wpengine.com\/construction\/?page_id=13"},"modified":"2025-11-19T19:48:51","modified_gmt":"2025-11-19T18:48:51","slug":"home","status":"publish","type":"page","link":"https:\/\/www.eminvest.pl\/","title":{"rendered":"Home"},"content":{"rendered":"<div class=\"wpb-content-wrapper\"><p>[vc_row row_type=&#8221;row_fullwidth_content&#8221; margin_top=&#8221;-80&#8243; padding_bottom=&#8221;0&#8243; class=&#8221;fit-screen&#8221;][vc_column][rev_slider_vc alias=&#8221;Home1&#8243;]\n\t<div class=\"wpb_content_element featured-box \" >\n\t<\/div>[\/vc_column][\/vc_row][vc_row row_type=&#8221;row_full_center_content&#8221; row_meta_color=&#8221;false&#8221; margin_top=&#8221;-119&#8243; padding_bottom=&#8221;50&#8243; class=&#8221;mobile-no-margin-top inverted-row&#8221;][vc_column width=&#8221;1\/3&#8243;]\n\t<div class=\"wpb_content_element featured-box \" >\n\t\t\t<div class=\"featured-box-thumb\"><a title=\"O Inwestycji\" target=\"\" href=\"https:\/\/www.eminvest.pl\/index.php\/home\/domy-pod-lasem\/\"><img decoding=\"async\" src=\"https:\/\/www.eminvest.pl\/wp-content\/uploads\/2023\/04\/fb-1-600x300.png\"><\/a>\n\t\t\t<\/div>\n\t\t\t<div class=\"featured-box-content\"><h4>Oferta sprzeda\u017cy<\/h4>\n\t\t\t\t\t<div class=\"featured-box-desc\"><p>Zapraszamy Pa\u0144stwa do zapoznania si\u0119 z nasz\u0105 najnowsz\u0105 inwestycj\u0105, jak\u0105 jest presti\u017cowe osiedla dom\u00f3w jednorodzinnych w Ornontowicach na ul. My\u015bliwskiej. Od pocz\u0105tku dzia\u0142ania naszej firmy idziemy pod pr\u0105d aktualnym trendom na rynku nieruchomo\u015bci i zamiast powtarzalnych, monotonnych budynk\u00f3w stawiamy na przestrze\u0144, ciekaw\u0105 bry\u0142\u0119 i komfortow\u0105 lokalizacj\u0119.<\/p>\n\t\t\t\t\t<\/div>\n\t\t\t\t\t<div class=\"featured-box-button\">\n\t\t\t\t\t\t<a title=\"O Inwestycji\" target=\"\" href=\"https:\/\/www.eminvest.pl\/index.php\/home\/domy-pod-lasem\/\" class=\"\">Czytaj Wi\u0119cej<\/a>\n\t\t\t\t\t<\/div>\n\t\t\t<\/div>\n\t<\/div>[\/vc_column][vc_column width=&#8221;1\/3&#8243;]\n\t<div class=\"wpb_content_element featured-box \" >\n\t\t\t<div class=\"featured-box-thumb\"><a title=\"Technologia\" target=\"\" href=\"https:\/\/www.eminvest.pl\/index.php\/o-nas\/\"><img decoding=\"async\" src=\"https:\/\/www.eminvest.pl\/wp-content\/uploads\/2024\/03\/ACCamera_3-600x300.jpg\"><\/a>\n\t\t\t<\/div>\n\t\t\t<div class=\"featured-box-content\"><h4>O nas<\/h4>\n\t\t\t\t\t<div class=\"featured-box-desc\"><p>Firma M&amp;R Invest Sp. z o.o. istnieje na rynku nieruchomo\u015bci od 2018 roku. Zosta\u0142a stworzona przez w\u0142a\u015bcicieli jako owoc ich wieloletniego do\u015bwiadczenia zwi\u0105zanego z dzia\u0142aniem w r\u00f3\u017cnych sektorach rynku nieruchomo\u015bci. Ich wiedza i wysokie kompetencje pozwoli\u0142y stworzy\u0107 firm\u0119 o jasno wyznaczonym celu.<\/p>\n\t\t\t\t\t<\/div>\n\t\t\t\t\t<div class=\"featured-box-button\">\n\t\t\t\t\t\t<a title=\"Technologia\" target=\"\" href=\"https:\/\/www.eminvest.pl\/index.php\/o-nas\/\" class=\"\">Czytaj Wi\u0119cej<\/a>\n\t\t\t\t\t<\/div>\n\t\t\t<\/div>\n\t<\/div>[\/vc_column][vc_column width=&#8221;1\/3&#8243;]\n\t<div class=\"wpb_content_element featured-box \" >\n\t\t\t<div class=\"featured-box-thumb\"><a title=\"Oferta Dom\u00f3w\" target=\"\" href=\"https:\/\/www.eminvest.pl\/index.php\/home\/lesna-petarda\/\"><img decoding=\"async\" src=\"https:\/\/www.eminvest.pl\/wp-content\/uploads\/2024\/03\/IMG-20230511-WA0020-600x300.jpg\"><\/a>\n\t\t\t<\/div>\n\t\t\t<div class=\"featured-box-content\"><h4>Inwestycje zrealizowane<\/h4>\n\t\t\t\t\t<div class=\"featured-box-desc\"><p>Osiedle Le\u015bna Petarda sk\u0142ada si\u0119 z 5 dom\u00f3w, wolnostoj\u0105cych, kt\u00f3re maj\u0105 identyczn\u0105 powierzchni\u0119 150 m2 i ten sam rozk\u0142ad pomieszcze\u0144, a r\u00f3\u017cni je od siebie wielko\u015b\u0107 dzia\u0142ki, kt\u00f3ra ma od 637 m2 do 661 m2. Projekt osiedla zosta\u0142 opracowany w taki spos\u00f3b by jak najlepiej wsp\u00f3\u0142gra\u0107 z najbli\u017cszym otoczeniem.<\/p>\n\t\t\t\t\t<\/div>\n\t\t\t\t\t<div class=\"featured-box-button\">\n\t\t\t\t\t\t<a title=\"Oferta Dom\u00f3w\" target=\"\" href=\"https:\/\/www.eminvest.pl\/index.php\/home\/lesna-petarda\/\" class=\"\">Czytaj wi\u0119cej<\/a>\n\t\t\t\t\t<\/div>\n\t\t\t<\/div>\n\t<\/div>[\/vc_column][\/vc_row][vc_row row_type=&#8221;row_full_center_content&#8221; bg_position=&#8221;left center&#8221;][vc_column width=&#8221;2\/3&#8243;][vc_column_text]Zawsze przed przyst\u0105pieniem do nowej inwestycji starannie dobieramy lokalizacj\u0119, kt\u00f3ra jest punktem wyj\u015bcia dla ca\u0142ego procesu projektowego. Naszym nadrz\u0119dnym celem jest wype\u0142nianie otaczaj\u0105cej nas przestrzeni prost\u0105, ale nie banaln\u0105 architektur\u0105 idealnie wsp\u00f3\u0142graj\u0105c\u0105 z najbli\u017cszym otoczeniem. Chcemy tworzy\u0107 miejsca przyjazne, ekologiczne, w pe\u0142ni funkcjonalne. Nasze inwestycje maj\u0105 za zadanie mocno konkurowa\u0107 z szar\u0105, cz\u0119sto nieciekaw\u0105 aur\u0105 miejskich blokowisk, zat\u0142oczonych osiedli oraz z monotonnymi propozycjami na rynku nieruchomo\u015bci. Nasze osiedla to nowoczesne i wielofunkcyjne przestrzenie w starannie dobranych lokalizacjach. Tworzymy je z wykorzystaniem wysokiej jako\u015bci ekologicznych materia\u0142\u00f3w i innowacyjnych technologii.[\/vc_column_text][\/vc_column][vc_column width=&#8221;1\/3&#8243;][vc_single_image image=&#8221;1870&#8243; img_size=&#8221;full&#8221; alignment=&#8221;center&#8221;][\/vc_column][\/vc_row][vc_row row_type=&#8221;row_full_center_content&#8221; row_meta_color=&#8221;false&#8221; padding_top=&#8221;50&#8243; padding_bottom=&#8221;50&#8243;][vc_column]\n\t<div class=\"custom-heading wpb_content_element  heading-medium\" style=\"margin-bottom: 50px;\">\n\t\t<h2 class=\"heading-title\" >Co wyr\u00f3\u017cnia nasze inwestycje<\/h2>\n\t\t<span class=\"heading-line primary\"><\/span>\n\t<\/div>[vc_row_inner content_placement=&#8221;top&#8221;][vc_column_inner width=&#8221;1\/4&#8243;]\n\t<div class=\"iconbox-wrapper  text-center\">\n\t\t<div class=\"iconbox-icon\">\n\t\t\t\t<i class=\"fa fa-road \" style=\"color: #777777;font-size:70px;\"><\/i>\n\t\t<\/div>\n\t\t<h4 class=\"iconbox-heading\">\u015awietna lokalizacja\n\t\t<\/h4>\n\t<\/div>[\/vc_column_inner][vc_column_inner width=&#8221;1\/4&#8243;]\n\t<div class=\"iconbox-wrapper  text-center\">\n\t\t<div class=\"iconbox-icon\">\n\t\t\t\t<i class=\"fa fa-building-o \" style=\"color: #777777;font-size:70px;\"><\/i>\n\t\t<\/div>\n\t\t<h4 class=\"iconbox-heading\">Nowoczesna forma\n\t\t<\/h4>\n\t<\/div>[\/vc_column_inner][vc_column_inner width=&#8221;1\/4&#8243;]\n\t<div class=\"iconbox-wrapper  text-center\">\n\t\t<div class=\"iconbox-icon\">\n\t\t\t\t<i class=\"fa fa-delicious \" style=\"color: #777777;font-size:70px;\"><\/i>\n\t\t<\/div>\n\t\t<h4 class=\"iconbox-heading\">Przemy\u015blane wn\u0119trza\n\t\t<\/h4>\n\t<\/div>[\/vc_column_inner][vc_column_inner width=&#8221;1\/4&#8243;]\n\t<div class=\"iconbox-wrapper  text-center\">\n\t\t<div class=\"iconbox-icon\">\n\t\t\t\t<i class=\"fa fa-money \" style=\"color: #777777;font-size:70px;\"><\/i>\n\t\t<\/div>\n\t\t<h4 class=\"iconbox-heading\">Konkurencyjna cena\n\t\t<\/h4>\n\t<\/div>[\/vc_column_inner][\/vc_row_inner][\/vc_column][\/vc_row][vc_row row_type=&#8221;row_full_center_content&#8221; bg_color=&#8221;#ffffff&#8221; bg_image=&#8221;1856&#8243; row_parallax=&#8221;false&#8221; row_text_color=&#8221;row_text_dark&#8221; padding_top=&#8221;150&#8243; padding_bottom=&#8221;150&#8243;][vc_column width=&#8221;2\/3&#8243;][vc_column_text]<\/p>\n<h5 class=\"medium-heading-inverted\">wycena pojedy\u0143czyCH BUDYNK\u00d3W<em><br \/>\n<\/em><\/h5>\n<h1 class=\"large-heading-inverted\"><strong>\u00a0J<b>este\u015b ciekaw<\/b>\u00a0?<\/strong><\/h1>\n<p>[\/vc_column_text][vc_button title=&#8221;Sprawd\u017a ofert\u0119&#8221; margin_top=&#8221;-20&#8243; link=&#8221;url:https%3A%2F%2Fwww.eminvest.pl%2Findex.php%2Fhome%2Fdomy-pod-lasem%2F|title:Oferta%20Dom%C3%B3w&#8221;][\/vc_column][vc_column width=&#8221;1\/3&#8243;][\/vc_column][\/vc_row][vc_row row_type=&#8221;row_full_center_content&#8221; bg_color=&#8221;#efefef&#8221; row_meta_color=&#8221;false&#8221; padding_top=&#8221;50&#8243; padding_bottom=&#8221;30&#8243;][vc_column]\n\t<div class=\"custom-heading wpb_content_element \">\n\t\t<h2 class=\"heading-title\" >Aktualno\u015bci<\/h2>\n\t\t<span class=\"heading-line primary\"><\/span>\n\t<\/div>\n\t<div class=\"child-page-wrapper recent-news-wrapper \">\n\t\t\t\t\t<script type=\"text\/javascript\">\n\t\t\t\t\t\tjQuery(document).ready(function(){\n\t\t\t\t\t\t\t\"use strict\";\n\t\t\t\t\t\t\tjQuery(\".recent-news-carousel-69e4b37d808a8\").slick({\n\t\t\t\t\t\t\t\trtl: false,\n\t\t\t\t\t\t\t\tslidesToShow: 3,\n\t\t\t\t\t\t\t\tautoplay: false ,\n\t\t                        autoplaySpeed: 3000 ,\n\t\t                        speed: 300 ,\n\t\t\t\t\t\t\t\tslidesToScroll: 1,\n\t\t\t\t\t\t\t\tdraggable: false,\n\t\t\t\t\t\t\t\tprevArrow: \"<span class='carousel-prev'><i class='fa fa-angle-left'><\/i><\/span>\",\n\t\t        \t\t\t\tnextArrow: \"<span class='carousel-next'><i class='fa fa-angle-right'><\/i><\/span>\",\n\t\t        \t\t\t\tresponsive: [{\n\t\t\t\t\t\t\t\t    breakpoint: 1024,\n\t\t\t\t\t\t\t\t    settings: {\n\t\t\t\t\t\t\t\t    slidesToShow: 3\n\t\t\t\t\t\t\t\t    }\n\t\t\t\t\t\t\t\t},\n\t\t\t\t\t\t\t\t{\n\t\t\t\t\t\t\t\t    breakpoint: 600,\n\t\t\t\t\t\t\t\t    settings: {\n\t\t\t\t\t\t\t\t    slidesToShow: 2\n\t\t\t\t\t\t\t\t    }\n\t\t\t\t\t\t\t\t},\n\t\t\t\t\t\t\t\t{\n\t\t\t\t\t\t\t\t    breakpoint: 480,\n\t\t\t\t\t\t\t\t    settings: {\n\t\t\t\t\t\t\t\t    slidesToShow: 1\n\t\t\t\t\t\t\t\t    }\n\t\t\t\t\t\t\t\t}]\n\t\t\t\t\t\t\t});\n\t\t\t\t\t\t});\n\t\t\t\t\t<\/script>\n\t\t\t\t<div class=\"grid-wrapper grid-3-columns grid-row recent-news-carousel-69e4b37d808a8\">\n\t\t\t\t\t<div class=\"grid-item grid-sm-6 grid-md-4\">\n\t\t\t\t\t\t<div class=\"grid-thumbnail\">\n\t\t\t\t\t\t\t<a href=\"https:\/\/www.eminvest.pl\/index.php\/2023\/01\/15\/dom-b1-juz-w-sprzedazy\/\" title=\"Dom B1 ju\u017c w SPRZEDA\u017bY\"><img loading=\"lazy\" decoding=\"async\" width=\"600\" height=\"300\" src=\"https:\/\/www.eminvest.pl\/wp-content\/uploads\/2023\/08\/60_Karta-1B-1-1-600x300.jpg\" class=\"attachment-medium-thumb size-medium-thumb wp-post-image\" alt=\"\" srcset=\"https:\/\/www.eminvest.pl\/wp-content\/uploads\/2023\/08\/60_Karta-1B-1-1-600x300.jpg 600w, https:\/\/www.eminvest.pl\/wp-content\/uploads\/2023\/08\/60_Karta-1B-1-1-400x200.jpg 400w, https:\/\/www.eminvest.pl\/wp-content\/uploads\/2023\/08\/60_Karta-1B-1-1-800x400.jpg 800w\" sizes=\"(max-width: 600px) 100vw, 600px\" \/><\/a>\n\t\t\t\t\t\t<\/div>\n\t\t\t\t\t\t<h4 class=\"grid-title\"><a href=\"https:\/\/www.eminvest.pl\/index.php\/2023\/01\/15\/dom-b1-juz-w-sprzedazy\/\" rel=\"bookmark\">Dom B1 ju\u017c w SPRZEDA\u017bY<\/a><\/h4>\n\n\t\t\t\t\t\t<div class=\"recent-news-meta\">\n\t\t\t\t\t\t\t<span class=\"post-date\"><i class=\"fa fa-file-text-o\"><\/i> <time class=\"entry-date published updated\" datetime=\"2023-01-15T14:33:00+01:00\">15 stycznia 2023<\/time><\/span>\n\t\t\t\t\t\t\t<span class=\"comments-link\"><i class=\"fa fa-comments-o\"><\/i> Comments off.<\/span>\n\t\t\t\t\t\t<\/div>\n\n\t\t\t\t\t\t<p>Mi\u0142o nam poinformowa\u0107, \u017ce oficjalnie ruszamy z sprzeda\u017c\u0105 domu B1. Prawdziwa gratka bo jest to JEDYNY dom WOLNOSTOJ\u0104CY w naszej inwestycji. ...<\/p>\n\n\t\t\t\t\t\t<a class=\"btn btn-light btn-small\" href=\"https:\/\/www.eminvest.pl\/index.php\/2023\/01\/15\/dom-b1-juz-w-sprzedazy\/\" title=\"Dom B1 ju\u017c w SPRZEDA\u017bY\">Czytaj wi\u0119cej<\/a>\n\n\t\t\t\t\t<\/div>\n\t\t\t\t\t\n\t\t\t\t\t<div class=\"grid-item grid-sm-6 grid-md-4\">\n\t\t\t\t\t\t<div class=\"grid-thumbnail\">\n\t\t\t\t\t\t\t<a href=\"https:\/\/www.eminvest.pl\/index.php\/2023\/01\/02\/osiedle-lesna-petarda-ukonczone-z-sukcesem-2\/\" title=\"Domy pod Lasem ju\u017c w SPRZEDA\u017bY\"><img loading=\"lazy\" decoding=\"async\" width=\"600\" height=\"300\" src=\"https:\/\/www.eminvest.pl\/wp-content\/uploads\/2023\/08\/fb-11-600x300.png\" class=\"attachment-medium-thumb size-medium-thumb wp-post-image\" alt=\"\" srcset=\"https:\/\/www.eminvest.pl\/wp-content\/uploads\/2023\/08\/fb-11-600x300.png 600w, https:\/\/www.eminvest.pl\/wp-content\/uploads\/2023\/08\/fb-11-400x200.png 400w\" sizes=\"(max-width: 600px) 100vw, 600px\" \/><\/a>\n\t\t\t\t\t\t<\/div>\n\t\t\t\t\t\t<h4 class=\"grid-title\"><a href=\"https:\/\/www.eminvest.pl\/index.php\/2023\/01\/02\/osiedle-lesna-petarda-ukonczone-z-sukcesem-2\/\" rel=\"bookmark\">Domy pod Lasem ju\u017c w SPRZEDA\u017bY<\/a><\/h4>\n\n\t\t\t\t\t\t<div class=\"recent-news-meta\">\n\t\t\t\t\t\t\t<span class=\"post-date\"><i class=\"fa fa-file-text-o\"><\/i> <time class=\"entry-date published updated\" datetime=\"2023-01-02T14:19:00+01:00\">2 stycznia 2023<\/time><\/span>\n\t\t\t\t\t\t\t<span class=\"comments-link\"><i class=\"fa fa-comments-o\"><\/i> Comments off.<\/span>\n\t\t\t\t\t\t<\/div>\n\n\t\t\t\t\t\t<p>Mi\u0142o nam poinformowa\u0107, \u017ce ruszamy z budow\u0105 naszego kolejnego osiedla dom\u00f3w jednorodzinnych. Nasza nowa inwestycja znajduje si\u0119 w Ornontowicach na ul. ...<\/p>\n\n\t\t\t\t\t\t<a class=\"btn btn-light btn-small\" href=\"https:\/\/www.eminvest.pl\/index.php\/2023\/01\/02\/osiedle-lesna-petarda-ukonczone-z-sukcesem-2\/\" title=\"Domy pod Lasem ju\u017c w SPRZEDA\u017bY\">Czytaj wi\u0119cej<\/a>\n\n\t\t\t\t\t<\/div>\n\t\t\t\t\t\n\t\t\t\t\t<div class=\"grid-item grid-sm-6 grid-md-4\">\n\t\t\t\t\t\t<div class=\"grid-thumbnail\">\n\t\t\t\t\t\t\t<a href=\"https:\/\/www.eminvest.pl\/index.php\/2022\/11\/18\/osiedle-lesna-petarda-ukonczone-z-sukcesem\/\" title=\"Osiedle Le\u015bna Petarda uko\u0144czone z sukcesem\"><img loading=\"lazy\" decoding=\"async\" width=\"600\" height=\"300\" src=\"https:\/\/www.eminvest.pl\/wp-content\/uploads\/2023\/08\/Projekt-bez-tytueu22-600x300.jpg\" class=\"attachment-medium-thumb size-medium-thumb wp-post-image\" alt=\"\" srcset=\"https:\/\/www.eminvest.pl\/wp-content\/uploads\/2023\/08\/Projekt-bez-tytueu22-600x300.jpg 600w, https:\/\/www.eminvest.pl\/wp-content\/uploads\/2023\/08\/Projekt-bez-tytueu22-400x200.jpg 400w, https:\/\/www.eminvest.pl\/wp-content\/uploads\/2023\/08\/Projekt-bez-tytueu22-800x400.jpg 800w\" sizes=\"(max-width: 600px) 100vw, 600px\" \/><\/a>\n\t\t\t\t\t\t<\/div>\n\t\t\t\t\t\t<h4 class=\"grid-title\"><a href=\"https:\/\/www.eminvest.pl\/index.php\/2022\/11\/18\/osiedle-lesna-petarda-ukonczone-z-sukcesem\/\" rel=\"bookmark\">Osiedle Le\u015bna Petarda uko\u0144czone z sukcesem<\/a><\/h4>\n\n\t\t\t\t\t\t<div class=\"recent-news-meta\">\n\t\t\t\t\t\t\t<span class=\"post-date\"><i class=\"fa fa-file-text-o\"><\/i> <time class=\"entry-date published updated\" datetime=\"2022-11-18T14:14:00+01:00\">18 listopada 2022<\/time><\/span>\n\t\t\t\t\t\t\t<span class=\"comments-link\"><i class=\"fa fa-comments-o\"><\/i> Comments off.<\/span>\n\t\t\t\t\t\t<\/div>\n\n\t\t\t\t\t\t<p>Nasza pierwsza inwestycja DEWELOPERSKA dobieg\u0142a ko\u0144ca, a kolejna w\u0142a\u015bnie nabiera rozp\u0119du. Dzisiaj chcemy pokaza\u0107 Wam kilka zdj\u0119\u0107 z naszej realizacji, a ...<\/p>\n\n\t\t\t\t\t\t<a class=\"btn btn-light btn-small\" href=\"https:\/\/www.eminvest.pl\/index.php\/2022\/11\/18\/osiedle-lesna-petarda-ukonczone-z-sukcesem\/\" title=\"Osiedle Le\u015bna Petarda uko\u0144czone z sukcesem\">Czytaj wi\u0119cej<\/a>\n\n\t\t\t\t\t<\/div>\n\t\t\t\t\t\n\t\t\t\t\t<div class=\"grid-item grid-sm-6 grid-md-4\">\n\t\t\t\t\t\t<div class=\"grid-thumbnail\">\n\t\t\t\t\t\t\t<a href=\"https:\/\/www.eminvest.pl\/index.php\/2021\/11\/16\/ostatni-dom-czeka-na-nowego-wlasciciela\/\" title=\"OSTATNI DOM czeka na nowego w\u0142a\u015bciciela\"><img loading=\"lazy\" decoding=\"async\" width=\"600\" height=\"300\" src=\"https:\/\/www.eminvest.pl\/wp-content\/uploads\/2021\/11\/1_news-600x300.jpg\" class=\"attachment-medium-thumb size-medium-thumb wp-post-image\" alt=\"\" srcset=\"https:\/\/www.eminvest.pl\/wp-content\/uploads\/2021\/11\/1_news-600x300.jpg 600w, https:\/\/www.eminvest.pl\/wp-content\/uploads\/2021\/11\/1_news-400x200.jpg 400w, https:\/\/www.eminvest.pl\/wp-content\/uploads\/2021\/11\/1_news-800x400.jpg 800w\" sizes=\"(max-width: 600px) 100vw, 600px\" \/><\/a>\n\t\t\t\t\t\t<\/div>\n\t\t\t\t\t\t<h4 class=\"grid-title\"><a href=\"https:\/\/www.eminvest.pl\/index.php\/2021\/11\/16\/ostatni-dom-czeka-na-nowego-wlasciciela\/\" rel=\"bookmark\">OSTATNI DOM czeka na nowego w\u0142a\u015bciciela<\/a><\/h4>\n\n\t\t\t\t\t\t<div class=\"recent-news-meta\">\n\t\t\t\t\t\t\t<span class=\"post-date\"><i class=\"fa fa-file-text-o\"><\/i> <time class=\"entry-date published updated\" datetime=\"2021-11-16T11:29:00+01:00\">16 listopada 2021<\/time><\/span>\n\t\t\t\t\t\t\t<span class=\"comments-link\"><i class=\"fa fa-comments-o\"><\/i> Comments off.<\/span>\n\t\t\t\t\t\t<\/div>\n\n\t\t\t\t\t\t<p>W ostatnich tygodniach nasze domy znikaj\u0105 jak \u015bwie\u017ce bu\u0142eczki. Mamy jednak \u015bwietn\u0105 wiadomo\u015b\u0107 dla wszystkich tych, kt\u00f3rzy ci\u0105gle nie dokonali jeszcze ...<\/p>\n\n\t\t\t\t\t\t<a class=\"btn btn-light btn-small\" href=\"https:\/\/www.eminvest.pl\/index.php\/2021\/11\/16\/ostatni-dom-czeka-na-nowego-wlasciciela\/\" title=\"OSTATNI DOM czeka na nowego w\u0142a\u015bciciela\">Czytaj wi\u0119cej<\/a>\n\n\t\t\t\t\t<\/div>\n\t\t\t\t\t\n\t\t\t\t\t<div class=\"grid-item grid-sm-6 grid-md-4\">\n\t\t\t\t\t\t<div class=\"grid-thumbnail\">\n\t\t\t\t\t\t\t<a href=\"https:\/\/www.eminvest.pl\/index.php\/2021\/09\/29\/przekazanie-kluczy-pierwszym-wlascicielom\/\" title=\"PRZEKAZANIE KLUCZY PIERWSZYM W\u0141A\u015aCICIELOM\"><img loading=\"lazy\" decoding=\"async\" width=\"600\" height=\"300\" src=\"https:\/\/www.eminvest.pl\/wp-content\/uploads\/2021\/11\/20210913_1836361-600x300.jpg\" class=\"attachment-medium-thumb size-medium-thumb wp-post-image\" alt=\"\" srcset=\"https:\/\/www.eminvest.pl\/wp-content\/uploads\/2021\/11\/20210913_1836361-600x300.jpg 600w, https:\/\/www.eminvest.pl\/wp-content\/uploads\/2021\/11\/20210913_1836361-400x200.jpg 400w, https:\/\/www.eminvest.pl\/wp-content\/uploads\/2021\/11\/20210913_1836361-800x400.jpg 800w\" sizes=\"(max-width: 600px) 100vw, 600px\" \/><\/a>\n\t\t\t\t\t\t<\/div>\n\t\t\t\t\t\t<h4 class=\"grid-title\"><a href=\"https:\/\/www.eminvest.pl\/index.php\/2021\/09\/29\/przekazanie-kluczy-pierwszym-wlascicielom\/\" rel=\"bookmark\">PRZEKAZANIE KLUCZY PIERWSZYM W\u0141A\u015aCICIELOM<\/a><\/h4>\n\n\t\t\t\t\t\t<div class=\"recent-news-meta\">\n\t\t\t\t\t\t\t<span class=\"post-date\"><i class=\"fa fa-file-text-o\"><\/i> <time class=\"entry-date published updated\" datetime=\"2021-09-29T11:26:00+02:00\">29 wrze\u015bnia 2021<\/time><\/span>\n\t\t\t\t\t\t\t<span class=\"comments-link\"><i class=\"fa fa-comments-o\"><\/i> Comments off.<\/span>\n\t\t\t\t\t\t<\/div>\n\n\t\t\t\t\t\t<p>Najprzyjemniejszy moment w ca\u0142ym procesie inwestycyjnym jest wtedy, kiedy mo\u017cemy przekaza\u0107 klucze nowym w\u0142a\u015bcicielom. Cieszymy si\u0119, \u017ce na naszym osiedlu b\u0119d\u0105 ...<\/p>\n\n\t\t\t\t\t\t<a class=\"btn btn-light btn-small\" href=\"https:\/\/www.eminvest.pl\/index.php\/2021\/09\/29\/przekazanie-kluczy-pierwszym-wlascicielom\/\" title=\"PRZEKAZANIE KLUCZY PIERWSZYM W\u0141A\u015aCICIELOM\">Czytaj wi\u0119cej<\/a>\n\n\t\t\t\t\t<\/div>\n\t\t\t\t\t\n\t\t\t\t<\/div>\n\t<\/div>[\/vc_column][\/vc_row]<\/p>\n<\/div>","protected":false},"excerpt":{"rendered":"<p>[vc_row row_type=&#8221;row_fullwidth_content&#8221; margin_top=&#8221;-80&#8243; padding_bottom=&#8221;0&#8243; class=&#8221;fit-screen&#8221;][vc_column][rev_slider_vc alias=&#8221;Home1&#8243;][\/vc_column][\/vc_row][vc_row row_type=&#8221;row_full_center_content&#8221; row_meta_color=&#8221;false&#8221; margin_top=&#8221;-119&#8243; padding_bottom=&#8221;50&#8243; class=&#8221;mobile-no-margin-top inverted-row&#8221;][vc_column width=&#8221;1\/3&#8243;][\/vc_column][vc_column width=&#8221;1\/3&#8243;][\/vc_column][vc_column width=&#8221;1\/3&#8243;][\/vc_column][\/vc_row][vc_row row_type=&#8221;row_full_center_content&#8221; bg_position=&#8221;left center&#8221;][vc_column width=&#8221;2\/3&#8243;][vc_column_text]Zawsze przed przyst\u0105pieniem &#8230;<\/p>\n","protected":false},"author":1,"featured_media":0,"parent":0,"menu_order":0,"comment_status":"open","ping_status":"closed","template":"","meta":{"footnotes":""},"_links":{"self":[{"href":"https:\/\/www.eminvest.pl\/index.php\/wp-json\/wp\/v2\/pages\/822"}],"collection":[{"href":"https:\/\/www.eminvest.pl\/index.php\/wp-json\/wp\/v2\/pages"}],"about":[{"href":"https:\/\/www.eminvest.pl\/index.php\/wp-json\/wp\/v2\/types\/page"}],"author":[{"embeddable":true,"href":"https:\/\/www.eminvest.pl\/index.php\/wp-json\/wp\/v2\/users\/1"}],"replies":[{"embeddable":true,"href":"https:\/\/www.eminvest.pl\/index.php\/wp-json\/wp\/v2\/comments?post=822"}],"version-history":[{"count":145,"href":"https:\/\/www.eminvest.pl\/index.php\/wp-json\/wp\/v2\/pages\/822\/revisions"}],"predecessor-version":[{"id":2131,"href":"https:\/\/www.eminvest.pl\/index.php\/wp-json\/wp\/v2\/pages\/822\/revisions\/2131"}],"wp:attachment":[{"href":"https:\/\/www.eminvest.pl\/index.php\/wp-json\/wp\/v2\/media?parent=822"}],"curies":[{"name":"wp","href":"https:\/\/api.w.org\/{rel}","templated":true}]}}