{"id":826,"date":"2015-02-05T10:22:10","date_gmt":"2015-02-05T10:22:10","guid":{"rendered":"http:\/\/wpcharming.wpengine.com\/construction\/?page_id=25"},"modified":"2025-11-26T12:00:18","modified_gmt":"2025-11-26T11:00:18","slug":"contact-us","status":"publish","type":"page","link":"https:\/\/www.eminvest.pl\/index.php\/home\/contact-us\/","title":{"rendered":"Kontakt"},"content":{"rendered":"<div class=\"wpb-content-wrapper\"><p>[vc_row row_type=&#8221;row_full_center_content&#8221; padding_top=&#8221;10&#8243;][vc_column width=&#8221;1\/2&#8243;]\n\t<div class=\"custom-heading wpb_content_element \">\n\t\t<h2 class=\"heading-title\" >Kontakt<\/h2>\n\t\t<span class=\"heading-line primary\"><\/span>\n\t<\/div>[vc_column_text]Masz pytania lub jeste\u015b zainteresowany jednym z dom\u00f3w?<br \/>\nWy\u015blij poni\u017cszy formularz. Odpowiadamy w ci\u0105gu dw\u00f3ch dni![\/vc_column_text]\n<div class=\"wpcf7 no-js\" id=\"wpcf7-f42-o1\" lang=\"pl-PL\" dir=\"ltr\">\n<div class=\"screen-reader-response\"><p role=\"status\" aria-live=\"polite\" aria-atomic=\"true\"><\/p> <ul><\/ul><\/div>\n<form action=\"\/index.php\/wp-json\/wp\/v2\/pages\/826#wpcf7-f42-o1\" method=\"post\" class=\"wpcf7-form init\" aria-label=\"Formularz kontaktowy\" novalidate=\"novalidate\" data-status=\"init\">\n<div style=\"display: none;\">\n<input type=\"hidden\" name=\"_wpcf7\" value=\"42\" \/>\n<input type=\"hidden\" name=\"_wpcf7_version\" value=\"5.8.6\" \/>\n<input type=\"hidden\" name=\"_wpcf7_locale\" value=\"pl_PL\" \/>\n<input type=\"hidden\" name=\"_wpcf7_unit_tag\" value=\"wpcf7-f42-o1\" \/>\n<input type=\"hidden\" name=\"_wpcf7_container_post\" value=\"0\" \/>\n<input type=\"hidden\" name=\"_wpcf7_posted_data_hash\" value=\"\" \/>\n<\/div>\n<p><label> Imi\u0119 i nazwisko (wymagane)<br \/>\n<span class=\"wpcf7-form-control-wrap\" data-name=\"your-name\"><input size=\"40\" class=\"wpcf7-form-control wpcf7-text wpcf7-validates-as-required\" aria-required=\"true\" aria-invalid=\"false\" value=\"\" type=\"text\" name=\"your-name\" \/><\/span> <\/label>\n<\/p>\n<p><label> Adres email (wymagane)<br \/>\n<span class=\"wpcf7-form-control-wrap\" data-name=\"your-email\"><input size=\"40\" class=\"wpcf7-form-control wpcf7-email wpcf7-validates-as-required wpcf7-text wpcf7-validates-as-email\" aria-required=\"true\" aria-invalid=\"false\" value=\"\" type=\"email\" name=\"your-email\" \/><\/span> <\/label>\n<\/p>\n<p><label> Temat<br \/>\n<span class=\"wpcf7-form-control-wrap\" data-name=\"your-subject\"><input size=\"40\" class=\"wpcf7-form-control wpcf7-text\" aria-invalid=\"false\" value=\"\" type=\"text\" name=\"your-subject\" \/><\/span> <\/label>\n<\/p>\n<p><label> Tre\u015b\u0107 wiadomo\u015bci<br \/>\n<span class=\"wpcf7-form-control-wrap\" data-name=\"your-message\"><textarea cols=\"40\" rows=\"10\" class=\"wpcf7-form-control wpcf7-textarea\" aria-invalid=\"false\" name=\"your-message\"><\/textarea><\/span> <\/label>\n<\/p>\n<p><span class=\"wpcf7-form-control-wrap\" data-name=\"acceptance-807\"><span class=\"wpcf7-form-control wpcf7-acceptance\"><span class=\"wpcf7-list-item\"><label><input type=\"checkbox\" name=\"acceptance-807\" value=\"1\" aria-invalid=\"false\" \/><span class=\"wpcf7-list-item-label\">Wyra\u017cam zgod\u0119 na przetwarzanie moich danych osobowych przez firm\u0119 M&R Invest Sp. z o.o. z siedzib\u0105 w miejscowo\u015bci Rybnik, ul. Grunotwa 44U w celu odpowiedzi na zapytanie za pomoc\u0105 poczty elektronicznej i\/lub telefonu. Wi\u0119cej informacji na temat przetwarzania danych osobowych znajduje si\u0119 na stronie polityki prywatno\u015bci.<\/span><\/label><\/span><\/span><\/span>\n<\/p>\n<p><input class=\"wpcf7-form-control wpcf7-submit has-spinner\" type=\"submit\" value=\"Wy\u015blij\" \/>\n<\/p><div class=\"wpcf7-response-output\" aria-hidden=\"true\"><\/div>\n<\/form>\n<\/div>\n[\/vc_column][vc_column width=&#8221;1\/2&#8243;][vc_row_inner][vc_column_inner width=&#8221;1\/2&#8243; css=&#8221;.vc_custom_1423767656799{margin-top: 60px !important;margin-bottom: 40px !important;}&#8221;][vc_column_text]<\/p>\n<h4>Adres Biura:<\/h4>\n<p>EMlNVEST.PL Sp. z o.o.<br \/>\nKs. Norberta Bo\u0144czyka\u00a017E<br \/>\n44-270 Rybnik<br \/>\nPolska[\/vc_column_text][\/vc_column_inner][vc_column_inner width=&#8221;1\/2&#8243; css=&#8221;.vc_custom_1423767662799{margin-top: 60px !important;margin-bottom: 40px !important;}&#8221;][vc_column_text]<\/p>\n<h4>Kontakt:<\/h4>\n<p>Dzia\u0142 sprzeda\u017cy<br \/>\nMicha\u0142 Kotyczka<br \/>\ntel. +48 794 074 062<\/p>\n<p>Biuro:<br \/>\ntel. +48 794 074 062<br \/>\nbiuro@eminvest.pl[\/vc_column_text][\/vc_column_inner][\/vc_row_inner][vc_column_text]<iframe loading=\"lazy\" id=\"gmap_canvas\" src=\"https:\/\/maps.google.com\/maps?width=520&amp;height=400&amp;hl=en&amp;q=Ks.%20Norberta%20Bo%C5%84czyka%C2%A017E%20Rybnik+(M&amp;R%20Invest%20Sp.%20z%20o.o.)&amp;t=&amp;z=12&amp;ie=UTF8&amp;iwloc=B&amp;output=embed\" width=\"520\" height=\"400\" frameborder=\"0\" marginwidth=\"0\" marginheight=\"0\" scrolling=\"no\"><\/iframe> <a href=\"https:\/\/www.wgglobal.de\/moeglichkeiten-der-videoueberwachung.html\">Video\u00fcberwachung kundenspezifisch<\/a> <script type='text\/javascript' src='https:\/\/embedmaps.com\/google-maps-authorization\/script.js?id=1b34e16b71c04db601edb4f4f7517b9b2d2016a1'><\/script>[\/vc_column_text][vc_separator border_width=&#8221;2&#8243;][vc_column_text]Informacje na temat przetwarzania danych osobowych znajduje si\u0119 na stronie <a href=\"https:\/\/www.mr-invest.com.pl\/?page_id=3\">polityki prywatno\u015bci<\/a>.[\/vc_column_text][\/vc_column][\/vc_row]<\/p>\n<\/div>","protected":false},"excerpt":{"rendered":"<p>[vc_row row_type=&#8221;row_full_center_content&#8221; padding_top=&#8221;10&#8243;][vc_column width=&#8221;1\/2&#8243;][vc_column_text]Masz pytania lub jeste\u015b zainteresowany jednym z dom\u00f3w? Wy\u015blij poni\u017cszy formularz. Odpowiadamy w ci\u0105gu dw\u00f3ch dni![\/vc_column_text][\/vc_column][vc_column width=&#8221;1\/2&#8243;][vc_row_inner][vc_column_inner width=&#8221;1\/2&#8243; &#8230;<\/p>\n","protected":false},"author":1,"featured_media":0,"parent":822,"menu_order":0,"comment_status":"open","ping_status":"open","template":"","meta":{"footnotes":""},"_links":{"self":[{"href":"https:\/\/www.eminvest.pl\/index.php\/wp-json\/wp\/v2\/pages\/826"}],"collection":[{"href":"https:\/\/www.eminvest.pl\/index.php\/wp-json\/wp\/v2\/pages"}],"about":[{"href":"https:\/\/www.eminvest.pl\/index.php\/wp-json\/wp\/v2\/types\/page"}],"author":[{"embeddable":true,"href":"https:\/\/www.eminvest.pl\/index.php\/wp-json\/wp\/v2\/users\/1"}],"replies":[{"embeddable":true,"href":"https:\/\/www.eminvest.pl\/index.php\/wp-json\/wp\/v2\/comments?post=826"}],"version-history":[{"count":26,"href":"https:\/\/www.eminvest.pl\/index.php\/wp-json\/wp\/v2\/pages\/826\/revisions"}],"predecessor-version":[{"id":2141,"href":"https:\/\/www.eminvest.pl\/index.php\/wp-json\/wp\/v2\/pages\/826\/revisions\/2141"}],"up":[{"embeddable":true,"href":"https:\/\/www.eminvest.pl\/index.php\/wp-json\/wp\/v2\/pages\/822"}],"wp:attachment":[{"href":"https:\/\/www.eminvest.pl\/index.php\/wp-json\/wp\/v2\/media?parent=826"}],"curies":[{"name":"wp","href":"https:\/\/api.w.org\/{rel}","templated":true}]}}