{"id":950,"date":"2020-02-17T22:35:02","date_gmt":"2020-02-17T21:35:02","guid":{"rendered":"https:\/\/www.mr-invest.com.pl\/?page_id=950"},"modified":"2025-11-26T12:05:28","modified_gmt":"2025-11-26T11:05:28","slug":"domy-pod-lasem","status":"publish","type":"page","link":"https:\/\/www.eminvest.pl\/index.php\/home\/domy-pod-lasem\/","title":{"rendered":"Domy pod Lasem"},"content":{"rendered":"<div class=\"wpb-content-wrapper\"><p>[vc_row row_type=&#8221;row_full_center_content&#8221;][vc_column]\n\t<div class=\"custom-heading wpb_content_element \">\n\t\t<h2 class=\"heading-title\" >Domy pod Lasem<\/h2>\n\t\t<span class=\"heading-line primary\"><\/span>\n\t<\/div>[\/vc_column][\/vc_row][vc_row row_type=&#8221;row_full_center_content&#8221; row_meta_color=&#8221;false&#8221; border_width=&#8221;10px&#8221;][vc_column width=&#8221;1\/2&#8243;][vc_column_text]<\/p>\n<div class=\"xdj266r x11i5rnm xat24cr x1mh8g0r x1vvkbs x126k92a\">\n<div dir=\"auto\" style=\"text-align: left;\">\n<p>Zapraszamy Pa\u0144stwa do zapoznania si\u0119 z nasz\u0105 najnowsz\u0105 inwestycj\u0105, jak\u0105 jest presti\u017cowe osiedla dom\u00f3w jednorodzinnych w Ornontowicach na ul. My\u015bliwskiej. Od pocz\u0105tku dzia\u0142ania naszej firmy idziemy pod pr\u0105d aktualnym trendom na rynku nieruchomo\u015bci i zamiast\u00a0 powtarzalnych, monotonnych budynk\u00f3w stawiamy na przestrze\u0144, ciekaw\u0105 bry\u0142\u0119 i komfortow\u0105 lokalizacj\u0119.<\/p>\n<p>Domy pod Lasem zostan\u0105 zrealizowana w ramach III etap\u00f3w. W\u00a0 I etapie powstanie 5 dom\u00f3w jednorodzinnych z czego tylko 1 wolnostoj\u0105cy, a pozosta\u0142e 4 w zabudowie bli\u017aniaczej. \u0141\u0105cznie w ramach ca\u0142ej inwestycji b\u0119dzie 19 budynk\u00f3w, a wszystkie b\u0119d\u0105 mia\u0142y zapewniony panoramiczny widok. W ramach naszej oferty otrzymujecie Pa\u0144stwo domy energooszcz\u0119dne, wyko\u0144czone do stanu deweloperskiego wraz z najnowszymi rozwi\u0105zaniami (pomp\u0105 ciep\u0142a, rekuperacj\u0105 itd.).<\/p>\n<\/div>\n<\/div>\n<p>[\/vc_column_text][\/vc_column][vc_column width=&#8221;1\/2&#8243;][vc_single_image image=&#8221;1846&#8243; img_size=&#8221;full&#8221; alignment=&#8221;center&#8221;][\/vc_column][\/vc_row][vc_row row_type=&#8221;row_full_center_content&#8221; row_meta_color=&#8221;false&#8221;][vc_column width=&#8221;1\/2&#8243;][vc_single_image image=&#8221;1855&#8243; img_size=&#8221;large&#8221;][\/vc_column][vc_column width=&#8221;1\/2&#8243;][vc_column_text]Nasze osiedle to nowoczesna, luksusowa inwestycja. Zlokalizowana jest ona<br \/>\nw presti\u017cowej, bezpiecznej i spokojnej okolicy z bardzo dogodnym dojazdem<br \/>\ndo A1, A4 i wi\u0119kszych miast \u015bl\u0105ska typu Gliwice, Ruda \u015al\u0105ska. Osiedle to<br \/>\nidealnie odpowiada\u0107 b\u0119dzie zar\u00f3wno osobom aktywnym zawodowo, ceni\u0105cym<br \/>\nodpoczynek, jak i rodzinom z dzie\u0107mi.<\/p>\n<p>&nbsp;<\/p>\n<p><strong>Zapraszamy do zapoznania si\u0119 z nasz\u0105 ofert\u0105.<\/strong><\/p>\n<p>[\/vc_column_text][\/vc_column][\/vc_row][vc_row row_type=&#8221;row_full_center_content&#8221;][vc_column]\n\t<div class=\"custom-heading wpb_content_element \">\n\t\t<h2 class=\"heading-title\" >Oferta<\/h2>\n\t\t<span class=\"heading-line primary\"><\/span>\n\t<\/div>[\/vc_column][\/vc_row][vc_row row_type=&#8221;row_full_center_content&#8221;][vc_column][vc_table vc_table_theme=&#8221;simple&#8221; allow_html=&#8221;1&#8243;][14px;c#606060;b]LP,[14px;c#606060;b]Powierzchnia,[14px;c#606060;b]Ilo%C5%9B%C4%87%20pokoi,[14px;c#606060;b]Dzia%C5%82ka,[14px;c#606060;b]Stan,[14px;c#606060;b]Karta%20budowy,[14px;c#606060;b]Cena|[12px;align-center]1,[12px;align-center]123%2C7m2,[12px;align-center]5,[12px;align-center]513m2,[12px;align-center;c#dd3333;b]Sprzedany!,[12px;align-center]%3Ca%20href%3D%22https%3A%2F%2Fwww.mr-invest.com.pl%2Fwp-content%2Fuploads%2F2024%2F01%2F60_Karta-1B-.pdf%22%20target%3D%22_blank%22%3EPobierz%3C%2Fa%3E,[12px;align-center]%3Ca%20href%3D%22https%3A%2F%2Fwww.mr-invest.com.pl%2Findex.php%2Fhome%2Fcontact-us%2F%22%3EZapytaj%3C%2Fa%3E|[12px;align-center]2,[12px;align-center]120%2C2m2,[12px;align-center]5,[12px;align-center]350m2,[12px;align-center;b;c#dd1818]Sprzedany!,[12px;align-center]%3Ca%20href%3D%22https%3A%2F%2Fwww.mr-invest.com.pl%2Fwp-content%2Fuploads%2F2024%2F01%2F60_Karta-2B-.pdf%22%20target%3D%22_blank%22%3EPobierz%3C%2Fa%3E,[12px;align-center]%3Ca%20href%3D%22https%3A%2F%2Fwww.mr-invest.com.pl%2Findex.php%2Fhome%2Fcontact-us%2F%22%3EZapytaj%3C%2Fa%3E|[12px;align-center]3,[12px;align-center]120%2C2m2,[12px;align-center]5,[12px;align-center]350m2,[12px;align-center;b;c#dd3333]Sprzedany!,[12px;align-center]%3Ca%20href%3D%22https%3A%2F%2Fwww.mr-invest.com.pl%2Fwp-content%2Fuploads%2F2024%2F01%2F60_Karta-3B-.pdf%22%20target%3D%22_blank%22%3EPobierz%3C%2Fa%3E,[12px;align-center]%3Ca%20href%3D%22https%3A%2F%2Fwww.mr-invest.com.pl%2Findex.php%2Fhome%2Fcontact-us%2F%22%3EZapytaj%3C%2Fa%3E|[12px;align-center]4,[12px;align-center]120%2C4m2,[12px;align-center]5,[12px;align-center]350m2,[12px;align-center]Dost%C4%99pny,[12px;align-center]%3Ca%20href%3D%22https%3A%2F%2Fwww.mr-invest.com.pl%2Fwp-content%2Fuploads%2F2024%2F01%2F60_Karta-4B-.pdf%22%20target%3D%22_blank%22%3EPobierz%3C%2Fa%3E,[12px;align-center]%3Ca%20href%3D%22https%3A%2F%2Fwww.mr-invest.com.pl%2Findex.php%2Fhome%2Fcontact-us%2F%22%3EZapytaj%3C%2Fa%3E|[12px;align-center]5,[12px;align-center]120%2C4m2,[12px;align-center]5,[12px;align-center]350m2,[12px;align-center]Dost%C4%99pny,[12px;align-center]%3Ca%20href%3D%22https%3A%2F%2Fwww.mr-invest.com.pl%2Fwp-content%2Fuploads%2F2024%2F01%2F60_Karta-5B-.pdf%22%20target%3D%22_blank%22%3EPobierz%3C%2Fa%3E,[12px;align-center]%3Ca%20href%3D%22https%3A%2F%2Fwww.mr-invest.com.pl%2Findex.php%2Fhome%2Fcontact-us%2F%22%3EZapytaj%3C%2Fa%3E[\/vc_table][\/vc_column][\/vc_row][vc_row row_type=&#8221;row_full_center_content&#8221; row_meta_color=&#8221;false&#8221;][vc_column]\n\t<div class=\"custom-heading wpb_content_element \">\n\t\t<h2 class=\"heading-title\" >Wizualizacje<\/h2>\n\t\t<span class=\"heading-line primary\"><\/span>\n\t<\/div>[vc_media_grid style=&#8221;load-more&#8221; items_per_page=&#8221;6&#8243; element_width=&#8221;2&#8243; btn_title=&#8221;Poka\u017c wi\u0119cej&#8221; btn_style=&#8221;modern&#8221; btn_color=&#8221;grey&#8221; btn_size=&#8221;sm&#8221; grid_id=&#8221;vc_gid:1764155023390-6d3b9d00-2ebd-3&#8243; include=&#8221;1845,1855,1849,1899,1853,1847,2090,1864,1863,1862,1861,1860,1859,1857&#8243;][\/vc_column][\/vc_row][vc_row row_type=&#8221;row_full_center_content&#8221; row_meta_color=&#8221;false&#8221;][vc_column]\n\t<div class=\"custom-heading wpb_content_element \">\n\t\t<h2 class=\"heading-title\" >Zdj\u0119cia z realizacji<\/h2>\n\t\t<span class=\"heading-line primary\"><\/span>\n\t<\/div>[vc_media_grid style=&#8221;load-more&#8221; items_per_page=&#8221;6&#8243; element_width=&#8221;2&#8243; btn_title=&#8221;Poka\u017c wi\u0119cej&#8221; btn_style=&#8221;modern&#8221; btn_color=&#8221;grey&#8221; btn_size=&#8221;sm&#8221; grid_id=&#8221;vc_gid:1764155023390-270df0b1-4778-9&#8243; include=&#8221;2124,2123,2122,2121,2120,2102,2111,2100,2094,2095,2096,2097&#8243;][\/vc_column][\/vc_row][vc_row row_type=&#8221;row_full_center_content&#8221;][vc_column]\n\t<div class=\"custom-heading wpb_content_element \">\n\t\t<h2 class=\"heading-title\" >Otoczenie<\/h2>\n\t\t<span class=\"heading-line primary\"><\/span>\n\t<\/div>[vc_media_grid style=&#8221;load-more&#8221; items_per_page=&#8221;6&#8243; element_width=&#8221;2&#8243; btn_title=&#8221;Poka\u017c wi\u0119cej&#8221; btn_style=&#8221;modern&#8221; btn_color=&#8221;grey&#8221; btn_size=&#8221;sm&#8221; grid_id=&#8221;vc_gid:1764155023391-7e20cda0-8bd0-9&#8243; include=&#8221;1316,1317,1321,1318,1320,1319&#8243;][\/vc_column][\/vc_row][vc_row row_type=&#8221;row_full_center_content&#8221; padding_top=&#8221;50&#8243; padding_bottom=&#8221;50&#8243;][vc_column][vc_btn title=&#8221;Zapytaj o oferte&#8221; style=&#8221;outline&#8221; color=&#8221;chino&#8221; align=&#8221;center&#8221; link=&#8221;url:https%3A%2F%2Fwww.mr-invest.com.pl%2Findex.php%2Fhome%2Fcontact-us%2F|title:Kontakt||&#8221;][\/vc_column][\/vc_row]<\/p>\n<\/div>","protected":false},"excerpt":{"rendered":"<p>[vc_row row_type=&#8221;row_full_center_content&#8221;][vc_column][\/vc_column][\/vc_row][vc_row row_type=&#8221;row_full_center_content&#8221; row_meta_color=&#8221;false&#8221; border_width=&#8221;10px&#8221;][vc_column width=&#8221;1\/2&#8243;][vc_column_text] Zapraszamy Pa\u0144stwa do zapoznania si\u0119 z nasz\u0105 najnowsz\u0105 inwestycj\u0105, jak\u0105 jest presti\u017cowe osiedla dom\u00f3w jednorodzinnych &#8230;<\/p>\n","protected":false},"author":1,"featured_media":0,"parent":822,"menu_order":0,"comment_status":"closed","ping_status":"closed","template":"","meta":{"footnotes":""},"_links":{"self":[{"href":"https:\/\/www.eminvest.pl\/index.php\/wp-json\/wp\/v2\/pages\/950"}],"collection":[{"href":"https:\/\/www.eminvest.pl\/index.php\/wp-json\/wp\/v2\/pages"}],"about":[{"href":"https:\/\/www.eminvest.pl\/index.php\/wp-json\/wp\/v2\/types\/page"}],"author":[{"embeddable":true,"href":"https:\/\/www.eminvest.pl\/index.php\/wp-json\/wp\/v2\/users\/1"}],"replies":[{"embeddable":true,"href":"https:\/\/www.eminvest.pl\/index.php\/wp-json\/wp\/v2\/comments?post=950"}],"version-history":[{"count":266,"href":"https:\/\/www.eminvest.pl\/index.php\/wp-json\/wp\/v2\/pages\/950\/revisions"}],"predecessor-version":[{"id":2142,"href":"https:\/\/www.eminvest.pl\/index.php\/wp-json\/wp\/v2\/pages\/950\/revisions\/2142"}],"up":[{"embeddable":true,"href":"https:\/\/www.eminvest.pl\/index.php\/wp-json\/wp\/v2\/pages\/822"}],"wp:attachment":[{"href":"https:\/\/www.eminvest.pl\/index.php\/wp-json\/wp\/v2\/media?parent=950"}],"curies":[{"name":"wp","href":"https:\/\/api.w.org\/{rel}","templated":true}]}}