{"id":963,"date":"2020-02-17T22:54:18","date_gmt":"2020-02-17T21:54:18","guid":{"rendered":"https:\/\/www.mr-invest.com.pl\/?page_id=963"},"modified":"2023-08-28T13:20:01","modified_gmt":"2023-08-28T11:20:01","slug":"o-nas-2","status":"publish","type":"page","link":"https:\/\/www.eminvest.pl\/index.php\/o-nas-2\/","title":{"rendered":"O nas"},"content":{"rendered":"<div class=\"wpb-content-wrapper\"><p>[vc_row row_type=&#8221;row_full_center_content&#8221; padding_top=&#8221;10&#8243;][vc_column width=&#8221;1\/2&#8243;]\n\t<div class=\"custom-heading wpb_content_element \">\n\t\t<h2 class=\"heading-title\" >O nas<\/h2>\n\t\t<span class=\"heading-line primary\"><\/span>\n\t<\/div>[\/vc_column][\/vc_row][vc_row row_type=&#8221;row_full_center_content&#8221; bg_position=&#8221;center top&#8221;][vc_column width=&#8221;1\/2&#8243;][vc_column_text]Firma <strong>M&amp;R Invest Sp. z o.o.<\/strong> istnieje na rynku nieruchomo\u015bci od 2018 roku.<br \/>\nZosta\u0142a stworzona przez w\u0142a\u015bcicieli jako owoc ich wieloletniego do\u015bwiadczenia<br \/>\nzwi\u0105zanego z dzia\u0142aniem w r\u00f3\u017cnych sektorach rynku nieruchomo\u015bci. Ich wiedza<br \/>\ni wysokie kompetencje pozwoli\u0142y stworzy\u0107 firm\u0119 o jasno wyznaczonym celu.<\/p>\n<p>Jako firma specjalizujemy si\u0119 w budowie dom\u00f3w jednorodzinnych jak i<br \/>\nmieszka\u0144 w zabudowie osiedli wielorodzinnych. Zawsze przed przyst\u0105pieniem<br \/>\ndo budowy inwestycji starannie dobieramy lokalizacj\u0119, kt\u00f3ra jest punktem<br \/>\nwyj\u015bcia dla ca\u0142ego procesu projektowego. Naszym nadrz\u0119dnym celem jest<br \/>\nwype\u0142nianie otaczaj\u0105cej nas przestrzeni prost\u0105, ale nie banaln\u0105 architektur\u0105<br \/>\nidealnie wsp\u00f3\u0142graj\u0105c\u0105 z najbli\u017cszym otoczeniem. Chcemy tworzy\u0107 miejsca<br \/>\nprzyjazne, ekologiczne, w pe\u0142ni funkcjonalne. Nasze inwestycje maj\u0105 za<br \/>\nzadanie mocno konkurowa\u0107 z szar\u0105, cz\u0119sto nieciekaw\u0105 aur\u0105 miejskich blokowisk,<br \/>\nzat\u0142oczonych osiedli oraz z monotonnymi propozycjami na rynku nieruchomo\u015bci.<br \/>\nNasze osiedla to nowoczesne i wielofunkcyjne przestrzenie w starannie dobranych<br \/>\nlokalizacjach. Tworzymy je z wykorzystaniem wysokiej jako\u015bci ekologicznych<br \/>\nmateria\u0142\u00f3w i innowacyjnych technologii. Wszystko to w po\u0142\u0105czeniu z wieloletnim<br \/>\ndo\u015bwiadczeniem jest najlepszym potwierdzeniem warto\u015bci, kt\u00f3re charakteryzuj\u0105<br \/>\nnasz\u0105 firm\u0119: jako\u015b\u0107, solidno\u015b\u0107 i terminowo\u015b\u0107.<\/p>\n<p>Wychodz\u0105c naprzeciw oczekiwaniom naszych Klient\u00f3w tworzymy ofert\u0119 naszych<br \/>\ninwestycji w taki spos\u00f3b, by mogli oni wybra\u0107 sami spo\u015br\u00f3d wielu opcji<br \/>\ndodatkowych przy zakupie domu lub mieszkania. Dzi\u0119ki temu zyskuj\u0105 oni po<br \/>\ncz\u0119\u015bci mo\u017cliwo\u015b\u0107 decydowania o swoim przysz\u0142ym lokum. Udaj\u0119 si\u0119 nam, r\u00f3wnie\u017c<br \/>\ndzi\u0119ki temu zaproponowa\u0107 swoim przysz\u0142ym nabywcom ceny bardzo atrakcyjne,<br \/>\nkt\u00f3re \u015bwietnie konkuruj\u0105 z ofertami na rynku lokalnym.<\/p>\n<p>&nbsp;<\/p>\n<hr \/>\n<pre><strong>INSPIRUJE NAS SZCZ\u0118\u015aCIE<\/strong><\/pre>\n<p>[\/vc_column_text][\/vc_column][vc_column width=&#8221;1\/2&#8243;][vc_single_image image=&#8221;417&#8243; img_size=&#8221;large&#8221; add_caption=&#8221;yes&#8221; css=&#8221;.vc_custom_1583185466451{padding-bottom: 3px !important;}&#8221;][vc_single_image image=&#8221;180&#8243; img_size=&#8221;large&#8221; add_caption=&#8221;yes&#8221;][\/vc_column][\/vc_row]<\/p>\n<\/div>","protected":false},"excerpt":{"rendered":"<p>[vc_row row_type=&#8221;row_full_center_content&#8221; padding_top=&#8221;10&#8243;][vc_column width=&#8221;1\/2&#8243;][\/vc_column][\/vc_row][vc_row row_type=&#8221;row_full_center_content&#8221; bg_position=&#8221;center top&#8221;][vc_column width=&#8221;1\/2&#8243;][vc_column_text]Firma M&amp;R Invest Sp. z o.o. istnieje na rynku nieruchomo\u015bci od 2018 roku. Zosta\u0142a &#8230;<\/p>\n","protected":false},"author":1,"featured_media":0,"parent":0,"menu_order":0,"comment_status":"closed","ping_status":"closed","template":"","meta":{"footnotes":""},"_links":{"self":[{"href":"https:\/\/www.eminvest.pl\/index.php\/wp-json\/wp\/v2\/pages\/963"}],"collection":[{"href":"https:\/\/www.eminvest.pl\/index.php\/wp-json\/wp\/v2\/pages"}],"about":[{"href":"https:\/\/www.eminvest.pl\/index.php\/wp-json\/wp\/v2\/types\/page"}],"author":[{"embeddable":true,"href":"https:\/\/www.eminvest.pl\/index.php\/wp-json\/wp\/v2\/users\/1"}],"replies":[{"embeddable":true,"href":"https:\/\/www.eminvest.pl\/index.php\/wp-json\/wp\/v2\/comments?post=963"}],"version-history":[{"count":32,"href":"https:\/\/www.eminvest.pl\/index.php\/wp-json\/wp\/v2\/pages\/963\/revisions"}],"predecessor-version":[{"id":1912,"href":"https:\/\/www.eminvest.pl\/index.php\/wp-json\/wp\/v2\/pages\/963\/revisions\/1912"}],"wp:attachment":[{"href":"https:\/\/www.eminvest.pl\/index.php\/wp-json\/wp\/v2\/media?parent=963"}],"curies":[{"name":"wp","href":"https:\/\/api.w.org\/{rel}","templated":true}]}}